{"id":1396,"date":"2022-08-12T15:17:35","date_gmt":"2022-08-12T15:17:35","guid":{"rendered":"https:\/\/new.wyklikamto.pl\/?page_id=1396"},"modified":"2022-08-23T06:58:39","modified_gmt":"2022-08-23T06:58:39","slug":"o-mnie-2","status":"publish","type":"page","link":"https:\/\/new.wyklikamto.pl\/index.php\/o-mnie-2\/","title":{"rendered":"O mnie"},"content":{"rendered":"\n<div class=\"wp-container-1 wp-block-group\"><div class=\"wp-block-group__inner-container\"><style id=\"kb-rowlayout_59365c-9d\">#kt-layout-id_59365c-9d > .kt-row-column-wrap.kb-theme-content-width{max-width:1290px;}.kt-layout-id_59365c-9d > .kb-theme-content-width{padding-left:var(--global-content-edge-padding);padding-right:var(--global-content-edge-padding);}#kt-layout-id_59365c-9d{border-color:var(--global-palette7, #EDF2F7);border-top-left-radius:0px;border-top-right-radius:0px;border-bottom-right-radius:0px;border-bottom-left-radius:0px;}#kt-layout-id_59365c-9d .kt-row-layout-bottom-sep{height:45px;}#kt-layout-id_59365c-9d > .kt-row-column-wrap{padding-top:50px;padding-bottom:150px;max-width:2000px;margin-left:auto;margin-right:auto;}@media all and (max-width: 767px){#kt-layout-id_59365c-9d > .kt-row-column-wrap{padding-bottom:150px;}}#kt-layout-id_59365c-9d .absolute {\n  position: absolute;\n  width: 400px;\n  top: -200px;\n  right: -180px;\n}\n#kt-layout-id_59365c-9d .low-index {\n  z-index: 1;\n}\n#kt-layout-id_59365c-9d {\n  overflow: hidden;\n}<\/style>\n<div class=\"wp-block-kadence-rowlayout alignnone\"><div id=\"kt-layout-id_59365c-9d\" class=\"kt-row-layout-inner kt-row-has-bg kt-layout-id_59365c-9d has-theme-palette-7-background-color\"><div class=\"kt-row-column-wrap kt-has-1-columns kt-gutter-default kt-v-gutter-default kt-row-valign-middle kt-row-layout-equal kt-tab-layout-inherit kt-m-colapse-left-to-right kt-mobile-layout-row kb-theme-content-width\">\n<div class=\"wp-block-kadence-column inner-column-1 kadence-column_179fc2-71\"><div class=\"kt-inside-inner-col\"><style id=\"kb-advancedheading_a7fde4-e5\">#kt-adv-heading_a7fde4-e5, #kt-adv-heading_a7fde4-e5 .wp-block-kadence-advancedheading, .wp-block-kadence-advancedheading.kt-adv-heading_a7fde4-e5[data-kb-block=\"kb-adv-heading_a7fde4-e5\"], .kadence-advanced-heading-wrapper .kt-adv-heading_a7fde4-e5[data-kb-block=\"kb-adv-heading_a7fde4-e5\"]{text-align:center;font-size:38px;line-height:46px;padding-top:50px;}@media all and (max-width: 767px){#kt-adv-heading_a7fde4-e5, #kt-adv-heading_a7fde4-e5 .wp-block-kadence-advancedheading, .wp-block-kadence-advancedheading.kt-adv-heading_a7fde4-e5[data-kb-block=\"kb-adv-heading_a7fde4-e5\"], .kadence-advanced-heading-wrapper .kt-adv-heading_a7fde4-e5[data-kb-block=\"kb-adv-heading_a7fde4-e5\"]{font-size:40px;line-height:42px;}}<\/style>\n<h2 class=\"kt-adv-heading_a7fde4-e5 wp-block-kadence-advancedheading\" data-kb-block=\"kb-adv-heading_a7fde4-e5\">Zamieniam zam\u0119t w biznesach<\/h2>\n\n\n<style id=\"kb-advancedheading_3a02be-c8\">#kt-adv-heading_3a02be-c8, #kt-adv-heading_3a02be-c8 .wp-block-kadence-advancedheading, .wp-block-kadence-advancedheading.kt-adv-heading_3a02be-c8[data-kb-block=\"kb-adv-heading_3a02be-c8\"], .kadence-advanced-heading-wrapper .kt-adv-heading_3a02be-c8[data-kb-block=\"kb-adv-heading_3a02be-c8\"]{text-align:center;font-size:94px;line-height:45px;}@media all and (max-width: 767px){#kt-adv-heading_3a02be-c8, #kt-adv-heading_3a02be-c8 .wp-block-kadence-advancedheading, .wp-block-kadence-advancedheading.kt-adv-heading_3a02be-c8[data-kb-block=\"kb-adv-heading_3a02be-c8\"], .kadence-advanced-heading-wrapper .kt-adv-heading_3a02be-c8[data-kb-block=\"kb-adv-heading_3a02be-c8\"]{font-size:60px;line-height:45px;margin-top:-20px;}}<\/style>\n<h6 class=\"kt-adv-heading_3a02be-c8 wp-block-kadence-advancedheading\" data-kb-block=\"kb-adv-heading_3a02be-c8\">w pouk\u0142adane dzia\u0142ania<\/h6>\n<\/div><\/div>\n<\/div><div class=\"kt-row-layout-bottom-sep kt-row-sep-type-crvi\"><svg style=\"fill:var(--global-palette8)\" viewBox=\"0 0 1000 100\" preserveAspectRatio=\"none\"><path d=\"M1000,0c0,0 -270.987,98 -500,98c-229.013,0 -500,-98 -500,-98l0,100l1000,0l0,-100Z\"><\/path><\/svg><\/div><\/div><\/div>\n<\/div><\/div>\n\n\n<style id=\"kb-rowlayout_98b1a5-fe\">#kt-layout-id_98b1a5-fe > .kt-row-column-wrap{padding-top:80px;padding-bottom:60px;padding-left:80px;padding-right:80px;}@media all and (max-width: 767px){#kt-layout-id_98b1a5-fe > .kt-row-column-wrap{padding-bottom:2px;padding-left:25px;padding-right:15px;}}<\/style>\n<div class=\"wp-block-kadence-rowlayout alignnone\"><div id=\"kt-layout-id_98b1a5-fe\" class=\"kt-row-layout-inner kt-layout-id_98b1a5-fe\"><div class=\"kt-row-column-wrap kt-has-2-columns kt-gutter-default kt-v-gutter-default kt-row-valign-middle kt-row-layout-equal kt-tab-layout-inherit kt-m-colapse-left-to-right kt-mobile-layout-row\">\n<div class=\"wp-block-kadence-column inner-column-1 kadence-column_270517-93\"><div class=\"kt-inside-inner-col\"><style id=\"kb-image_f00119-fe\">@media all and (max-width: 767px){.wp-block-kadence-image.kb-image_f00119-fe{margin-left:30px;}}.kb-image_f00119-fe.kb-image-is-ratio-size, .kb-image_f00119-fe .kb-image-is-ratio-size{max-width:500px;width:100%;}.kb-image_f00119-fe figure{max-width:500px;}<\/style>\n<div class=\"wp-block-kadence-image kb-image_f00119-fe\"><figure class=\"alignleft size-full\"><img loading=\"lazy\" width=\"500\" height=\"650\" src=\"https:\/\/new.wyklikamto.pl\/wp-content\/uploads\/2022\/08\/monika-project-managerka-asana.png\" alt=\"\" class=\"kb-img wp-image-1592\" srcset=\"https:\/\/new.wyklikamto.pl\/wp-content\/uploads\/2022\/08\/monika-project-managerka-asana.png 500w, https:\/\/new.wyklikamto.pl\/wp-content\/uploads\/2022\/08\/monika-project-managerka-asana-231x300.png 231w\" sizes=\"(max-width: 500px) 100vw, 500px\" \/><\/figure><\/div>\n<\/div><\/div>\n\n\n\n<div class=\"wp-block-kadence-column inner-column-2 kadence-column_059fc4-19\"><div class=\"kt-inside-inner-col\">\n<p class=\"has-text-align-left\">Mog\u0142abym napisa\u0107, \u017ce dzi\u0119ki wsp\u00f3\u0142pracy ze mn\u0105, b\u0119dziesz mie\u0107 czas na realizacj\u0119 zada\u0144 strategicznych, \u017ce ogarn\u0119 chaos w Twoich projektach. Ale&nbsp;<em><strong>chc\u0119 Ci da\u0107 co\u015b wi\u0119cej.&nbsp;<\/strong><\/em>Chc\u0119, \u017ceby\u015b opr\u00f3cz rozwoju swojej marki, zyska\u0142a przestrze\u0144 na rozw\u00f3j osobisty. Innymi s\u0142owy,<em><strong>&nbsp;<\/strong><\/em><br><em><strong>chc\u0119 Ci zapewni\u0107 spok\u00f3j ducha.<\/strong><\/em><\/p>\n\n\n\n<p>K\u0142ad\u0119 bardzo du\u017cy nacisk na dobre i szczere relacje biznesowe. Tylko tak wsp\u00f3lnie zdob\u0119dziemy szczyty! Je\u015bli z\u0142apiemy&nbsp;<em><strong>wsp\u00f3lne flow i nawi\u0105\u017cemy prawdziwie partnersk\u0105 relacj\u0119<\/strong><\/em>, b\u0119d\u0119 osob\u0105, kt\u00f3rej mo\u017cesz powierzy\u0107 swoje biznesowe w\u0105tpliwo\u015bci \u2026 i podpowiem, jakie widz\u0119 mo\u017cliwe rozwi\u0105zania.<\/p>\n\n\n\n<p>Co mnie motywuje do dzia\u0142ania? Osi\u0105ganie cel\u00f3w biznesowych \u2014 moich i Twoich. Bo je\u015bli&nbsp;<em><strong>Ty osi\u0105gniesz sukces, ja jestem dumna, \u017ce mog\u0142am uczestniczy\u0107 <\/strong><\/em><em><strong>w Twojej drodze<\/strong><\/em>.<\/p>\n\n\n\n<p>Czekasz na t\u0119 bardziej prywatn\u0105 cz\u0119\u015b\u0107? Czytaj dalej\u2026<\/p>\n<\/div><\/div>\n<\/div><\/div><\/div>\n\n\n<style id=\"kb-rowlayout_581c11-ac\">@media all and (min-width: 768px){#kt-layout-id_581c11-ac > .kt-row-column-wrap > .inner-column-1{flex:0 1 10.7%;-webkit-flex:0 1 10.7%;}#kt-layout-id_581c11-ac > .kt-row-column-wrap > .inner-column-2{flex:0 1 78.6%;-webkit-flex:0 1 78.6%;}#kt-layout-id_581c11-ac > .kt-row-column-wrap > .inner-column-3{flex:0 1 10.7%;-webkit-flex:0 1 10.7%;}}#kt-layout-id_581c11-ac > .kt-row-column-wrap{padding-bottom:0px;}@media all and (max-width: 767px){#kt-layout-id_581c11-ac > .kt-row-column-wrap{padding-left:25px;padding-right:15px;}}<\/style>\n<div class=\"wp-block-kadence-rowlayout alignnone\"><div id=\"kt-layout-id_581c11-ac\" class=\"kt-row-layout-inner kt-layout-id_581c11-ac\"><div class=\"kt-row-column-wrap kt-has-3-columns kt-gutter-default kt-v-gutter-default kt-row-valign-top kt-row-layout-center-exwide kt-tab-layout-inherit kt-m-colapse-left-to-right kt-mobile-layout-row  kt-custom-first-width-10.7  kt-custom-second-width-78.6  kt-custom-third-width-10.7\">\n<div class=\"wp-block-kadence-column inner-column-1 kadence-column_214f3a-45\"><div class=\"kt-inside-inner-col\"><\/div><\/div>\n\n\n\n<div class=\"wp-block-kadence-column inner-column-2 kadence-column_de528f-98\"><div class=\"kt-inside-inner-col\"><style id=\"kb-advancedheading_b6325b-3e\">#kt-adv-heading_b6325b-3e, #kt-adv-heading_b6325b-3e .wp-block-kadence-advancedheading, .wp-block-kadence-advancedheading.kt-adv-heading_b6325b-3e[data-kb-block=\"kb-adv-heading_b6325b-3e\"], .kadence-advanced-heading-wrapper .kt-adv-heading_b6325b-3e[data-kb-block=\"kb-adv-heading_b6325b-3e\"]{text-align:center;font-size:77px;margin-bottom:-15px;}@media all and (max-width: 767px){#kt-adv-heading_b6325b-3e, #kt-adv-heading_b6325b-3e .wp-block-kadence-advancedheading, .wp-block-kadence-advancedheading.kt-adv-heading_b6325b-3e[data-kb-block=\"kb-adv-heading_b6325b-3e\"], .kadence-advanced-heading-wrapper .kt-adv-heading_b6325b-3e[data-kb-block=\"kb-adv-heading_b6325b-3e\"]{font-size:64px;line-height:70px;margin-top:30px;}}<\/style>\n<h6 class=\"kt-adv-heading_b6325b-3e wp-block-kadence-advancedheading\" data-kb-block=\"kb-adv-heading_b6325b-3e\">troch\u0119 wi\u0119cej<\/h6>\n\n\n<style id=\"kb-advancedheading_3951f8-fc\">#kt-adv-heading_3951f8-fc, #kt-adv-heading_3951f8-fc .wp-block-kadence-advancedheading, .wp-block-kadence-advancedheading.kt-adv-heading_3951f8-fc[data-kb-block=\"kb-adv-heading_3951f8-fc\"], .kadence-advanced-heading-wrapper .kt-adv-heading_3951f8-fc[data-kb-block=\"kb-adv-heading_3951f8-fc\"]{text-align:center;font-size:37px;}<\/style>\n<h3 class=\"kt-adv-heading_3951f8-fc wp-block-kadence-advancedheading\" data-kb-block=\"kb-adv-heading_3951f8-fc\">o mnie<br><\/h3>\n\n\n\n<p>W zasadzie ca\u0142a moja kariera (a to ju\u017c blisko 9 lat!)&nbsp; kr\u0119ci\u0142a si\u0119 wok\u00f3\u0142 zagadnie\u0144 marketingowych\u2026 pocz\u0105tkowo tradycyjne dzia\u0142ania offline, p\u00f3\u017aniej coraz bardziej online. W 2017 roku <strong>etat zacz\u0119\u0142am \u0142\u0105czy\u0107 z prowadzeniem w\u0142asnej dzia\u0142alno\u015bci<\/strong>. Tak, to by\u0142 czas, kt\u00f3ry wymaga\u0142 ode mnie <strong>\u015bwietnej organizacji i wyznaczania prawdziwych priorytet\u00f3w<\/strong>. Wsp\u00f3\u0142tworzy\u0142am ma\u0142e studio graficzne, gdzie mi\u0119dzy innymi robi\u0142am projekty i wykonywa\u0142am strony www. <\/p>\n\n\n\n<p>Jednak opr\u00f3cz prac kreatywnych, ogromn\u0105 frajd\u0119 sprawia\u0142y mi zadania organizacyjne. <strong>Listy \u201eto do\u201d, harmonogramy i uk\u0142adnie zada\u0144<\/strong> w logiczny spos\u00f3b, zawsze by\u0142o cz\u0119\u015bci\u0105 mojego \u017cycia, nie tylko zawodowego. Postanowi\u0142am wi\u0119c wszystkie zdobyte do tej pory umiej\u0119tno\u015bci, wykorzystywa\u0107 w pracy dla innych.<\/p>\n\n\n\n<p>A \u017ce ci\u0119\u017cko by\u0142o \u0142\u0105czy\u0107 etat, prac\u0119 na swoim i \u017cycie prywatne, to teraz dzia\u0142am tylko na w\u0142asny rachunek \u2014 no i oczywi\u015bcie ku chwale rozwoju moich Klientek \ud83d\ude42<\/p>\n\n\n\n<p><strong>Prywatnie:<\/strong><br><\/p>\n<\/div><\/div>\n\n\n\n<div class=\"wp-block-kadence-column inner-column-3 kadence-column_de1ad5-91\"><div class=\"kt-inside-inner-col\"><\/div><\/div>\n<\/div><\/div><\/div>\n\n\n<style id=\"kb-rowlayout_cb7f5a-f9\">#kt-layout-id_cb7f5a-f9 > .kt-row-column-wrap{padding-top:0px;padding-bottom:60px;padding-left:100px;padding-right:100px;}<\/style>\n<div class=\"wp-block-kadence-rowlayout alignnone\"><div id=\"kt-layout-id_cb7f5a-f9\" class=\"kt-row-layout-inner kt-layout-id_cb7f5a-f9\"><div class=\"kt-row-column-wrap kt-has-1-columns kt-gutter-default kt-v-gutter-default kt-row-valign-top kt-row-layout-equal kt-tab-layout-inherit kt-m-colapse-left-to-right kt-mobile-layout-row\">\n<div class=\"wp-block-kadence-column inner-column-1 kadence-column_1bd527-fc\"><div class=\"kt-inside-inner-col\"><style id=\"kb-rowlayout_2a3d5e-ff\">#kt-layout-id_2a3d5e-ff > .kt-row-column-wrap{padding-top:30px;padding-bottom:55px;}<\/style>\n<div class=\"wp-block-kadence-rowlayout alignnone\"><div id=\"kt-layout-id_2a3d5e-ff\" class=\"kt-row-layout-inner kt-layout-id_2a3d5e-ff\"><div class=\"kt-row-column-wrap kt-has-2-columns kt-gutter-default kt-v-gutter-default kt-row-valign-top kt-row-layout-equal kt-tab-layout-inherit kt-m-colapse-left-to-right kt-mobile-layout-row\">\n<div class=\"wp-block-kadence-column inner-column-1 kadence-column_2ad7a0-71\"><div class=\"kt-inside-inner-col\">\n<div class=\"wp-block-kadence-icon kt-svg-icons kt-svg-icons_c08ad5-91 alignnone\" style=\"text-align:center\"><div class=\"kt-svg-style-default kt-svg-icon-wrap kt-svg-item-0\"><div style=\"display:inline-flex;justify-content:center;align-items:center;color:var(--global-palette1)\" class=\"kt-svg-icon kt-svg-icon-fe_arrowDownCircle\"><svg style=\"display:inline-block;vertical-align:middle\" viewBox=\"0 0 24 24\" height=\"50\" width=\"50\" fill=\"none\" stroke=\"currentColor\" xmlns=\"http:\/\/www.w3.org\/2000\/svg\" stroke-width=\"2\" stroke-linecap=\"round\" stroke-linejoin=\"round\" aria-hidden=\"true\"><circle cx=\"12\" cy=\"12\" r=\"10\"><\/circle><polyline points=\"8 12 12 16 16 12\"><\/polyline><line x1=\"12\" y1=\"8\" x2=\"12\" y2=\"16\"><\/line><\/svg><\/div><\/div><\/div>\n\n\n<style id=\"kb-advancedheading_74a42a-0e\">#kt-adv-heading_74a42a-0e, #kt-adv-heading_74a42a-0e .wp-block-kadence-advancedheading, .wp-block-kadence-advancedheading.kt-adv-heading_74a42a-0e[data-kb-block=\"kb-adv-heading_74a42a-0e\"], .kadence-advanced-heading-wrapper .kt-adv-heading_74a42a-0e[data-kb-block=\"kb-adv-heading_74a42a-0e\"]{text-align:center;font-size:24px;margin-top:0px;padding-top:8px;}<\/style>\n<h3 class=\"kt-adv-heading_74a42a-0e wp-block-kadence-advancedheading has-theme-palette-4-color has-text-color\" data-kb-block=\"kb-adv-heading_74a42a-0e\">Introwertyczka, kt\u00f3ra lubi ludzi<\/h3>\n\n\n\n<p class=\"has-text-align-center\">Lubi\u0119 sp\u0119dza\u0107 czas sama (cho\u0107 nie jest mi to dane zbyt cz\u0119sto), ale nie wyobra\u017cam sobie \u015bwiata bez relacji interpersonalnych \u2014 tych pozytywnych oczywi\u015bcie.<\/p>\n<\/div><\/div>\n\n\n\n<div class=\"wp-block-kadence-column inner-column-2 kadence-column_7ac15f-21\"><div class=\"kt-inside-inner-col\">\n<div class=\"wp-block-kadence-icon kt-svg-icons kt-svg-icons_a30433-46 alignnone\" style=\"text-align:center\"><div class=\"kt-svg-style-default kt-svg-icon-wrap kt-svg-item-0\"><div style=\"display:inline-flex;justify-content:center;align-items:center;color:var(--global-palette1)\" class=\"kt-svg-icon kt-svg-icon-fe_arrowDownCircle\"><svg style=\"display:inline-block;vertical-align:middle\" viewBox=\"0 0 24 24\" height=\"50\" width=\"50\" fill=\"none\" stroke=\"currentColor\" xmlns=\"http:\/\/www.w3.org\/2000\/svg\" stroke-width=\"2\" stroke-linecap=\"round\" stroke-linejoin=\"round\" aria-hidden=\"true\"><circle cx=\"12\" cy=\"12\" r=\"10\"><\/circle><polyline points=\"8 12 12 16 16 12\"><\/polyline><line x1=\"12\" y1=\"8\" x2=\"12\" y2=\"16\"><\/line><\/svg><\/div><\/div><\/div>\n\n\n<style id=\"kb-advancedheading_a23cc1-90\">#kt-adv-heading_a23cc1-90, #kt-adv-heading_a23cc1-90 .wp-block-kadence-advancedheading, .wp-block-kadence-advancedheading.kt-adv-heading_a23cc1-90[data-kb-block=\"kb-adv-heading_a23cc1-90\"], .kadence-advanced-heading-wrapper .kt-adv-heading_a23cc1-90[data-kb-block=\"kb-adv-heading_a23cc1-90\"]{text-align:center;font-size:24px;margin-top:0px;padding-top:8px;}<\/style>\n<h3 class=\"kt-adv-heading_a23cc1-90 wp-block-kadence-advancedheading has-theme-palette-4-color has-text-color\" data-kb-block=\"kb-adv-heading_a23cc1-90\">Wieloletnia wegetrianka<\/h3>\n\n\n\n<p class=\"has-text-align-center\">Mi\u0119so jest dla mnie bleee, ale raczej bior\u0119 tu pod uwag\u0119 walory smakowe, ni\u017c wzgl\u0119dy humanitarne. Cho\u0107 oczywi\u015bcie ciesz\u0119 si\u0119, \u017ce w ten spos\u00f3b wspieram natur\u0119.<\/p>\n<\/div><\/div>\n<\/div><\/div><\/div>\n\n\n<style id=\"kb-rowlayout_16d2f2-0d\">#kt-layout-id_16d2f2-0d > .kt-row-column-wrap{padding-top:0px;padding-bottom:0px;}<\/style>\n<div class=\"wp-block-kadence-rowlayout alignnone\"><div id=\"kt-layout-id_16d2f2-0d\" class=\"kt-row-layout-inner kt-layout-id_16d2f2-0d\"><div class=\"kt-row-column-wrap kt-has-2-columns kt-gutter-default kt-v-gutter-default kt-row-valign-top kt-row-layout-equal kt-tab-layout-inherit kt-m-colapse-left-to-right kt-mobile-layout-row\">\n<div class=\"wp-block-kadence-column inner-column-1 kadence-column_1f55fe-d3\"><div class=\"kt-inside-inner-col\">\n<div class=\"wp-block-kadence-icon kt-svg-icons kt-svg-icons_426581-25 alignnone\" style=\"text-align:center\"><div class=\"kt-svg-style-default kt-svg-icon-wrap kt-svg-item-0\"><div style=\"display:inline-flex;justify-content:center;align-items:center;color:var(--global-palette1)\" class=\"kt-svg-icon kt-svg-icon-fe_arrowDownCircle\"><svg style=\"display:inline-block;vertical-align:middle\" viewBox=\"0 0 24 24\" height=\"50\" width=\"50\" fill=\"none\" stroke=\"currentColor\" xmlns=\"http:\/\/www.w3.org\/2000\/svg\" stroke-width=\"2\" stroke-linecap=\"round\" stroke-linejoin=\"round\" aria-hidden=\"true\"><circle cx=\"12\" cy=\"12\" r=\"10\"><\/circle><polyline points=\"8 12 12 16 16 12\"><\/polyline><line x1=\"12\" y1=\"8\" x2=\"12\" y2=\"16\"><\/line><\/svg><\/div><\/div><\/div>\n\n\n<style id=\"kb-advancedheading_57bee8-6d\">#kt-adv-heading_57bee8-6d, #kt-adv-heading_57bee8-6d .wp-block-kadence-advancedheading, .wp-block-kadence-advancedheading.kt-adv-heading_57bee8-6d[data-kb-block=\"kb-adv-heading_57bee8-6d\"], .kadence-advanced-heading-wrapper .kt-adv-heading_57bee8-6d[data-kb-block=\"kb-adv-heading_57bee8-6d\"]{text-align:center;font-size:24px;margin-top:0px;padding-top:8px;}<\/style>\n<h3 class=\"kt-adv-heading_57bee8-6d wp-block-kadence-advancedheading has-theme-palette-3-color has-text-color\" data-kb-block=\"kb-adv-heading_57bee8-6d\">Mama (nie zawsze na medal)<\/h3>\n\n\n\n<p class=\"has-text-align-center\">Mam gromadk\u0119 cudownych dzieciak\u00f3w (bo tr\u00f3jka to ju\u017c gromadka, nie?), a jeszcze wi\u0119cej w\u0105tpliwo\u015bci co zrobi\u0107, \u017ceby wychowa\u0107 ich na ludzi.<\/p>\n<\/div><\/div>\n\n\n\n<div class=\"wp-block-kadence-column inner-column-2 kadence-column_7f2bcd-4f\"><div class=\"kt-inside-inner-col\">\n<div class=\"wp-block-kadence-icon kt-svg-icons kt-svg-icons_92717d-42 alignnone\" style=\"text-align:center\"><div class=\"kt-svg-style-default kt-svg-icon-wrap kt-svg-item-0\"><div style=\"display:inline-flex;justify-content:center;align-items:center;color:var(--global-palette1)\" class=\"kt-svg-icon kt-svg-icon-fe_arrowDownCircle\"><svg style=\"display:inline-block;vertical-align:middle\" viewBox=\"0 0 24 24\" height=\"50\" width=\"50\" fill=\"none\" stroke=\"currentColor\" xmlns=\"http:\/\/www.w3.org\/2000\/svg\" stroke-width=\"2\" stroke-linecap=\"round\" stroke-linejoin=\"round\" aria-hidden=\"true\"><circle cx=\"12\" cy=\"12\" r=\"10\"><\/circle><polyline points=\"8 12 12 16 16 12\"><\/polyline><line x1=\"12\" y1=\"8\" x2=\"12\" y2=\"16\"><\/line><\/svg><\/div><\/div><\/div>\n\n\n<style id=\"kb-advancedheading_5dde22-cc\">#kt-adv-heading_5dde22-cc, #kt-adv-heading_5dde22-cc .wp-block-kadence-advancedheading, .wp-block-kadence-advancedheading.kt-adv-heading_5dde22-cc[data-kb-block=\"kb-adv-heading_5dde22-cc\"], .kadence-advanced-heading-wrapper .kt-adv-heading_5dde22-cc[data-kb-block=\"kb-adv-heading_5dde22-cc\"]{text-align:center;font-size:24px;margin-top:0px;padding-top:8px;}<\/style>\n<h3 class=\"kt-adv-heading_5dde22-cc wp-block-kadence-advancedheading has-theme-palette-3-color has-text-color\" data-kb-block=\"kb-adv-heading_5dde22-cc\">Aktywna rowerzystka (i nie tylko)<\/h3>\n\n\n\n<p class=\"has-text-align-center\">Nie wyobra\u017cam sobie \u017cycia bez roweru, w zasadzie bez jakiegokolwiek ruchu. Je\u017cd\u017c\u0105c na rowerze, spaceruj\u0105c, czy chodz\u0105c po g\u00f3rach, odci\u0105\u017cam g\u0142ow\u0119 i Tobie te\u017c to polecam!<\/p>\n<\/div><\/div>\n<\/div><\/div><\/div>\n<\/div><\/div>\n<\/div><\/div><\/div>\n\n\n<style id=\"kb-rowlayout_bf6dfe-ca\">#kt-layout-id_bf6dfe-ca > .kt-row-column-wrap{padding-bottom:60px;}@media all and (max-width: 767px){#kt-layout-id_bf6dfe-ca > .kt-row-column-wrap{padding-left:20px;padding-right:20px;}}<\/style>\n<div class=\"wp-block-kadence-rowlayout alignnone\"><div id=\"kt-layout-id_bf6dfe-ca\" class=\"kt-row-layout-inner kt-layout-id_bf6dfe-ca\"><div class=\"kt-row-column-wrap kt-has-1-columns kt-gutter-default kt-v-gutter-default kt-row-valign-top kt-row-layout-equal kt-tab-layout-inherit kt-m-colapse-left-to-right kt-mobile-layout-row\">\n<div class=\"wp-block-kadence-column inner-column-1 kadence-column_060188-61\"><div class=\"kt-inside-inner-col\"><style id=\"kb-advancedheading_df6cd9-ef\">#kt-adv-heading_df6cd9-ef, #kt-adv-heading_df6cd9-ef .wp-block-kadence-advancedheading, .wp-block-kadence-advancedheading.kt-adv-heading_df6cd9-ef[data-kb-block=\"kb-adv-heading_df6cd9-ef\"], .kadence-advanced-heading-wrapper .kt-adv-heading_df6cd9-ef[data-kb-block=\"kb-adv-heading_df6cd9-ef\"]{text-align:center;}<\/style>\n<h3 class=\"kt-adv-heading_df6cd9-ef wp-block-kadence-advancedheading\" data-kb-block=\"kb-adv-heading_df6cd9-ef\">Pogadajmy na bezp\u0142atnej konsultacji!<\/h3>\n\n\n<style id=\"kb-advancedbtn_360a9d-da\">.kt-btns_360a9d-da .kt-button{font-family:Montserrat;font-weight:500;text-transform:uppercase;}.kt-btns_360a9d-da .kt-btn-wrap-0{margin-right:5px;}.rtl .kt-btns_360a9d-da .kt-btn-wrap-0{margin-left:5px;margin-right:0px;}.wp-block-kadence-advancedbtn.kt-btns_360a9d-da .kt-btn-wrap-0 .kt-button{color:var(--global-palette8, #F7FAFC);font-size:16px;background:var(--global-palette1, #3182CE);border-color:var(--global-palette1, #3182CE);}.wp-block-kadence-advancedbtn.kt-btns_360a9d-da .kt-btn-wrap-0 .kt-button:hover, .wp-block-kadence-advancedbtn.kt-btns_360a9d-da .kt-btn-wrap-0 .kt-button:focus{color:#ffffff;border-color:var(--global-palette2, #2B6CB0);}.wp-block-kadence-advancedbtn.kt-btns_360a9d-da .kt-btn-wrap-0 .kt-button::before{display:none;}.wp-block-kadence-advancedbtn.kt-btns_360a9d-da .kt-btn-wrap-0 .kt-button:hover, .wp-block-kadence-advancedbtn.kt-btns_360a9d-da .kt-btn-wrap-0 .kt-button:focus{background:var(--global-palette2, #2B6CB0);}<\/style>\n<div class=\"wp-block-kadence-advancedbtn kt-btn-align-center kt-btn-tablet-align-inherit kt-btn-mobile-align-inherit kt-btns-wrap kt-btns_360a9d-da\"><div class=\"kt-btn-wrap kt-btn-wrap-0\"><a class=\"kt-button button kt-btn-0-action kt-btn-size-standard kt-btn-style-basic kt-btn-svg-show-always kt-btn-has-text-true kt-btn-has-svg-false\" href=\"https:\/\/calendly.com\/kontakt-412\/15min?month=2022-08\" target=\"_blank\" rel=\"noreferrer noopener\" style=\"border-radius:10px;letter-spacing:1.1px\"><span class=\"kt-btn-inner-text\">Ch\u0119tnie! Rezerwuj\u0119 termin!<\/span><\/a><\/div><\/div>\n<\/div><\/div>\n<\/div><\/div><\/div>\n","protected":false},"excerpt":{"rendered":"<p>Zamieniam zam\u0119t w biznesach w pouk\u0142adane dzia\u0142ania Mog\u0142abym napisa\u0107, \u017ce dzi\u0119ki wsp\u00f3\u0142pracy ze mn\u0105, b\u0119dziesz mie\u0107 czas na realizacj\u0119 zada\u0144 strategicznych, \u017ce ogarn\u0119 chaos w Twoich projektach. Ale&nbsp;chc\u0119 Ci da\u0107 co\u015b wi\u0119cej.&nbsp;Chc\u0119, \u017ceby\u015b opr\u00f3cz rozwoju swojej marki, zyska\u0142a przestrze\u0144 na rozw\u00f3j osobisty. Innymi s\u0142owy,&nbsp;chc\u0119 Ci zapewni\u0107 spok\u00f3j ducha. K\u0142ad\u0119 bardzo du\u017cy nacisk na dobre i&#8230;<\/p>\n","protected":false},"author":2,"featured_media":0,"parent":0,"menu_order":0,"comment_status":"closed","ping_status":"closed","template":"","meta":{"_kad_blocks_custom_css":"","_kad_blocks_head_custom_js":"","_kad_blocks_body_custom_js":"","_kad_blocks_footer_custom_js":"","_kad_post_transparent":"","_kad_post_title":"hide","_kad_post_layout":"fullwidth","_kad_post_sidebar_id":"","_kad_post_content_style":"unboxed","_kad_post_vertical_padding":"show","_kad_post_feature":"","_kad_post_feature_position":"","_kad_post_header":false,"_kad_post_footer":false},"featured_image_src_large":false,"author_info":{"display_name":"Ania Winicze\u0144ko","author_link":"https:\/\/new.wyklikamto.pl\/index.php\/author\/ania-w\/"},"comment_info":0,"taxonomy_info":[],"_links":{"self":[{"href":"https:\/\/new.wyklikamto.pl\/index.php\/wp-json\/wp\/v2\/pages\/1396"}],"collection":[{"href":"https:\/\/new.wyklikamto.pl\/index.php\/wp-json\/wp\/v2\/pages"}],"about":[{"href":"https:\/\/new.wyklikamto.pl\/index.php\/wp-json\/wp\/v2\/types\/page"}],"author":[{"embeddable":true,"href":"https:\/\/new.wyklikamto.pl\/index.php\/wp-json\/wp\/v2\/users\/2"}],"replies":[{"embeddable":true,"href":"https:\/\/new.wyklikamto.pl\/index.php\/wp-json\/wp\/v2\/comments?post=1396"}],"version-history":[{"count":89,"href":"https:\/\/new.wyklikamto.pl\/index.php\/wp-json\/wp\/v2\/pages\/1396\/revisions"}],"predecessor-version":[{"id":1679,"href":"https:\/\/new.wyklikamto.pl\/index.php\/wp-json\/wp\/v2\/pages\/1396\/revisions\/1679"}],"wp:attachment":[{"href":"https:\/\/new.wyklikamto.pl\/index.php\/wp-json\/wp\/v2\/media?parent=1396"}],"curies":[{"name":"wp","href":"https:\/\/api.w.org\/{rel}","templated":true}]}}