{"id":1537,"date":"2022-08-22T18:50:53","date_gmt":"2022-08-22T18:50:53","guid":{"rendered":"https:\/\/new.wyklikamto.pl\/?page_id=1537"},"modified":"2022-08-23T05:17:18","modified_gmt":"2022-08-23T05:17:18","slug":"cennik","status":"publish","type":"page","link":"https:\/\/new.wyklikamto.pl\/index.php\/cennik\/","title":{"rendered":"Cennik"},"content":{"rendered":"<style id=\"kb-rowlayout_ba1aa9-f6\">#kt-layout-id_ba1aa9-f6 .kt-row-layout-bottom-sep{height:45px;}<\/style>\n<div class=\"wp-block-kadence-rowlayout alignnone\"><div id=\"kt-layout-id_ba1aa9-f6\" class=\"kt-row-layout-inner kt-row-has-bg kt-layout-id_ba1aa9-f6 has-theme-palette-7-background-color\"><div class=\"kt-row-column-wrap kt-has-1-columns kt-gutter-default kt-v-gutter-default kt-row-valign-top kt-row-layout-equal kt-tab-layout-inherit kt-m-colapse-left-to-right kt-mobile-layout-row\">\n<div class=\"wp-block-kadence-column inner-column-1 kadence-column_ca63e6-63\"><div class=\"kt-inside-inner-col\"><style id=\"kb-advancedheading_5abf95-1f\">#kt-adv-heading_5abf95-1f, #kt-adv-heading_5abf95-1f .wp-block-kadence-advancedheading, .wp-block-kadence-advancedheading.kt-adv-heading_5abf95-1f[data-kb-block=\"kb-adv-heading_5abf95-1f\"], .kadence-advanced-heading-wrapper .kt-adv-heading_5abf95-1f[data-kb-block=\"kb-adv-heading_5abf95-1f\"]{text-align:center;font-size:128px;padding-top:80px;padding-bottom:80px;}<\/style>\n<h6 class=\"kt-adv-heading_5abf95-1f wp-block-kadence-advancedheading\" data-kb-block=\"kb-adv-heading_5abf95-1f\">cennik<\/h6>\n<\/div><\/div>\n<\/div><div class=\"kt-row-layout-bottom-sep kt-row-sep-type-crvi\"><svg style=\"fill:var(--global-palette8)\" viewBox=\"0 0 1000 100\" preserveAspectRatio=\"none\"><path d=\"M1000,0c0,0 -270.987,98 -500,98c-229.013,0 -500,-98 -500,-98l0,100l1000,0l0,-100Z\"><\/path><\/svg><\/div><\/div><\/div>\n\n\n\n<div class=\"wp-container-2 wp-block-columns\">\n<div class=\"wp-container-1 wp-block-column\" style=\"flex-basis:100%\"><style id=\"kb-rowlayout_402ddd-45\">#kt-layout-id_402ddd-45 > .kt-row-column-wrap{padding-left:30px;padding-right:30px;}<\/style>\n<div class=\"wp-block-kadence-rowlayout alignnone\"><div id=\"kt-layout-id_402ddd-45\" class=\"kt-row-layout-inner kt-layout-id_402ddd-45\"><div class=\"kt-row-column-wrap kt-has-1-columns kt-gutter-default kt-v-gutter-default kt-row-valign-top kt-row-layout-equal kt-tab-layout-inherit kt-m-colapse-left-to-right kt-mobile-layout-row\">\n<div class=\"wp-block-kadence-column inner-column-1 kadence-column_04b477-91\"><div class=\"kt-inside-inner-col\"><style id=\"kb-rowlayout_90b896-78\">@media all and (min-width: 768px){#kt-layout-id_90b896-78 > .kt-row-column-wrap > .inner-column-1{flex:0 1 10%;-webkit-flex:0 1 10%;}#kt-layout-id_90b896-78 > .kt-row-column-wrap > .inner-column-2{flex:0 1 80%;-webkit-flex:0 1 80%;}#kt-layout-id_90b896-78 > .kt-row-column-wrap > .inner-column-3{flex:0 1 10%;-webkit-flex:0 1 10%;}}<\/style>\n<div class=\"wp-block-kadence-rowlayout alignnone\"><div id=\"kt-layout-id_90b896-78\" class=\"kt-row-layout-inner kt-layout-id_90b896-78\"><div class=\"kt-row-column-wrap kt-has-3-columns kt-gutter-default kt-v-gutter-default kt-row-valign-top kt-row-layout-center-exwide kt-tab-layout-inherit kt-m-colapse-left-to-right kt-mobile-layout-row  kt-custom-first-width-10  kt-custom-second-width-80  kt-custom-third-width-10\">\n<div class=\"wp-block-kadence-column inner-column-1 kadence-column_0b2fba-20\"><div class=\"kt-inside-inner-col\"><\/div><\/div>\n\n\n\n<div class=\"wp-block-kadence-column inner-column-2 kadence-column_ac1071-cc\"><div class=\"kt-inside-inner-col\"><style id=\"kb-advancedheading_ceb0f4-64\">#kt-adv-heading_ceb0f4-64, #kt-adv-heading_ceb0f4-64 .wp-block-kadence-advancedheading, .wp-block-kadence-advancedheading.kt-adv-heading_ceb0f4-64[data-kb-block=\"kb-adv-heading_ceb0f4-64\"], .kadence-advanced-heading-wrapper .kt-adv-heading_ceb0f4-64[data-kb-block=\"kb-adv-heading_ceb0f4-64\"]{text-align:center;}<\/style>\n<p class=\"kt-adv-heading_ceb0f4-64 wp-block-kadence-advancedheading\" data-kb-block=\"kb-adv-heading_ceb0f4-64\">Je\u015bli potrzebujesz wsparcia project managerki, najpewniej b\u0119dziemy wsp\u00f3\u0142pracowa\u0107 okre\u015blaj\u0105c <strong>sta\u0142\u0105 stawk\u0119 miesi\u0119czn\u0105<\/strong>.  Je\u015bli jednak potrzebujesz wsparcia wirtualnej asystentki, b\u0119dziesz mog\u0142a wybra\u0107 <strong>pakiet godzinowy<\/strong>, kt\u00f3ry Ci odpowiada. Po ustaleniu sposobu rozliczenia, wystawiam faktur\u0119 VAT.<\/p>\n\n\n\n<p class=\"has-text-align-center\">Je\u015bli ci\u0105gle si\u0119 wahasz czy z\u0142apiemy wsp\u00f3lny j\u0119zyk lub nie wiesz, co dok\u0142adnie chcesz zleci\u0107, ZR\u00d3BMY TEST. Proponuj\u0119 Ci wyb\u00f3r najmniejszego pakietu godzinowego. Jestem przekonana, \u017ce b\u0119dziesz zadowolona z efekt\u00f3w! A nic nie stoi na przeszkodzie, \u017ceby poszerzy\u0107 zakres naszych wsp\u00f3lnych dzia\u0142a\u0144!<\/p>\n<\/div><\/div>\n\n\n\n<div class=\"wp-block-kadence-column inner-column-3 kadence-column_c3d94c-10\"><div class=\"kt-inside-inner-col\"><\/div><\/div>\n<\/div><\/div><\/div>\n\n\n\n<p class=\"has-text-align-center\"><strong>PODANE CENY S\u0104 CENAMI NETTO<\/strong><\/p>\n<\/div><\/div>\n<\/div><\/div><\/div>\n<\/div>\n<\/div>\n\n\n<style id=\"kb-rowlayout_922f51-00\">#kt-layout-id_922f51-00 > .kt-row-column-wrap.kb-theme-content-width{max-width:1290px;}.kt-layout-id_922f51-00 > .kb-theme-content-width{padding-left:var(--global-content-edge-padding);padding-right:var(--global-content-edge-padding);}#kt-layout-id_922f51-00{margin-top:0px;margin-bottom:0px;}#kt-layout-id_922f51-00 > .kt-row-column-wrap{padding-top:0px;padding-bottom:40px;padding-left:50px;padding-right:50px;}<\/style>\n<div class=\"wp-block-kadence-rowlayout alignnone\"><div id=\"kt-layout-id_922f51-00\" class=\"kt-row-layout-inner kt-layout-id_922f51-00\"><div class=\"kt-row-column-wrap kt-has-3-columns kt-gutter-none kt-v-gutter-none kt-row-valign-top kt-row-layout-equal kt-tab-layout-row kt-m-colapse-left-to-right kt-mobile-layout-row kb-theme-content-width\"><style id=\"kb-column_f509d0-88\">.kadence-column_f509d0-88 > .kt-inside-inner-col{padding-top:60px;padding-bottom:30px;padding-left:30px;padding-right:30px;border-color:var(--global-palette2, #2B6CB0);border-top-width:1px;border-right-width:0px;border-bottom-width:1px;border-left-width:1px;border-top-left-radius:12px;border-top-right-radius:0px;border-bottom-right-radius:0px;border-bottom-left-radius:12px;}.wp-block-kadence-column.kadence-column_f509d0-88 > .kt-inside-inner-col{margin-top:20px;margin-bottom:0px;margin-right:0px;margin-left:0px;}.kadence-column_f509d0-88 > .kt-inside-inner-col{background-color:var(--global-palette9, #ffffff);}@media all and (max-width: 1024px){.kadence-column_f509d0-88 > .kt-inside-inner-col{padding-top:35px;padding-bottom:35px;padding-left:70px;padding-right:70px;border-top-width:1px;border-right-width:1px;border-bottom-width:1px;border-left-width:1px;}.wp-block-kadence-column.kadence-column_f509d0-88 > .kt-inside-inner-col{margin-top:0px;margin-bottom:35px;margin-right:70px;margin-left:70px;}}@media all and (max-width: 767px){.kadence-column_f509d0-88 > .kt-inside-inner-col{padding-top:20px;padding-bottom:20px;padding-left:20px;padding-right:20px;}.wp-block-kadence-column.kadence-column_f509d0-88 > .kt-inside-inner-col{margin-top:0px;margin-bottom:0px;margin-right:0px;margin-left:0px;}}<\/style>\n<div class=\"wp-block-kadence-column inner-column-1 kadence-column_f509d0-88\"><div class=\"kt-inside-inner-col\"><style id=\"kb-advancedheading_65a205-fc\">#kt-adv-heading_65a205-fc, #kt-adv-heading_65a205-fc .wp-block-kadence-advancedheading, .wp-block-kadence-advancedheading.kt-adv-heading_65a205-fc[data-kb-block=\"kb-adv-heading_65a205-fc\"], .kadence-advanced-heading-wrapper .kt-adv-heading_65a205-fc[data-kb-block=\"kb-adv-heading_65a205-fc\"]{line-height:26px;font-weight:500;font-family:Rubik;margin-bottom:31px;}<\/style>\n<h4 class=\"kt-adv-heading_65a205-fc wp-block-kadence-advancedheading\" data-kb-block=\"kb-adv-heading_65a205-fc\">DOBRY <br>POCZ\u0104TEK<\/h4>\n\n\n<style id=\"kb-advancedheading_800cfe-a9\">#kt-adv-heading_800cfe-a9, #kt-adv-heading_800cfe-a9 .wp-block-kadence-advancedheading, .wp-block-kadence-advancedheading.kt-adv-heading_800cfe-a9[data-kb-block=\"kb-adv-heading_800cfe-a9\"], .kadence-advanced-heading-wrapper .kt-adv-heading_800cfe-a9[data-kb-block=\"kb-adv-heading_800cfe-a9\"]{font-size:45px;line-height:55px;font-weight:700;}#kt-adv-heading_800cfe-a9 mark, #kt-adv-heading_800cfe-a9 .wp-block-kadence-advancedheading mark, .kt-adv-heading_800cfe-a9[data-kb-block=\"kb-adv-heading_800cfe-a9\"] mark{font-size:20px;color:#718096;padding:0px 0px 0px 0px;}<\/style>\n<h3 class=\"kt-adv-heading_800cfe-a9 wp-block-kadence-advancedheading has-theme-palette-1-color has-text-color\" data-kb-block=\"kb-adv-heading_800cfe-a9\">475 z\u0142\/mc  <\/h3>\n\n\n<style id=\"kb-spacer_d0b481-0d\">.wp-block-kadence-spacer.kt-block-spacer-_d0b481-0d .kt-block-spacer{height:30px;}.wp-block-kadence-spacer.kt-block-spacer-_d0b481-0d .kt-divider{border-top-color:var(--global-palette7, #EDF2F7);width:100%;}<\/style>\n<div class=\"wp-block-kadence-spacer aligncenter kt-block-spacer-_d0b481-0d\"><div class=\"kt-block-spacer kt-block-spacer-halign-center\"><hr class=\"kt-divider\"\/><\/div><\/div>\n\n\n<style id=\"kb-advancedheading_415ef2-b1\">#kt-adv-heading_415ef2-b1, #kt-adv-heading_415ef2-b1 .wp-block-kadence-advancedheading, .wp-block-kadence-advancedheading.kt-adv-heading_415ef2-b1[data-kb-block=\"kb-adv-heading_415ef2-b1\"], .kadence-advanced-heading-wrapper .kt-adv-heading_415ef2-b1[data-kb-block=\"kb-adv-heading_415ef2-b1\"]{font-size:16px;line-height:1.8em;margin-top:0px;margin-bottom:20px;}<\/style>\n<p class=\"kt-adv-heading_415ef2-b1 wp-block-kadence-advancedheading has-theme-palette-3-color has-text-color\" data-kb-block=\"kb-adv-heading_415ef2-b1\"><strong>5 godzin<\/strong> <br>do wykorzystania przez 30 dni<\/p>\n<\/div><\/div>\n\n\n<style id=\"kb-column_a5c871-54\">.kadence-column_a5c871-54 > .kt-inside-inner-col{padding-top:80px;padding-bottom:30px;padding-left:30px;padding-right:30px;border-top-width:0px;border-right-width:0px;border-bottom-width:0px;border-left-width:0px;border-top-left-radius:0px;border-top-right-radius:0px;border-bottom-right-radius:0px;border-bottom-left-radius:0px;}.wp-block-kadence-column.kadence-column_a5c871-54 > .kt-inside-inner-col{margin-top:0px;margin-bottom:0px;margin-right:0px;margin-left:0px;}.kadence-column_a5c871-54 > .kt-inside-inner-col{background-color:#f9f9f9;}@media all and (max-width: 767px){.kadence-column_a5c871-54 > .kt-inside-inner-col{padding-top:30px;padding-bottom:30px;padding-left:30px;padding-right:30px;}.wp-block-kadence-column.kadence-column_a5c871-54 > .kt-inside-inner-col{margin-top:30px;margin-bottom:0px;margin-right:0px;margin-left:0px;}}<\/style>\n<div class=\"wp-block-kadence-column inner-column-2 kadence-column_a5c871-54 kadence-column_e1fef8-20\"><div class=\"kt-inside-inner-col\"><style id=\"kb-advancedheading_02be96-6a\">#kt-adv-heading_02be96-6a, #kt-adv-heading_02be96-6a .wp-block-kadence-advancedheading, .wp-block-kadence-advancedheading.kt-adv-heading_02be96-6a[data-kb-block=\"kb-adv-heading_02be96-6a\"], .kadence-advanced-heading-wrapper .kt-adv-heading_02be96-6a[data-kb-block=\"kb-adv-heading_02be96-6a\"]{line-height:26px;font-weight:500;font-family:Rubik;margin-bottom:31px;}<\/style>\n<h4 class=\"kt-adv-heading_02be96-6a wp-block-kadence-advancedheading\" data-kb-block=\"kb-adv-heading_02be96-6a\">SZYBSZY <br>ROZW\u00d3J<\/h4>\n\n\n<style id=\"kb-advancedheading_12ca38-bf\">#kt-adv-heading_12ca38-bf, #kt-adv-heading_12ca38-bf .wp-block-kadence-advancedheading, .wp-block-kadence-advancedheading.kt-adv-heading_12ca38-bf[data-kb-block=\"kb-adv-heading_12ca38-bf\"], .kadence-advanced-heading-wrapper .kt-adv-heading_12ca38-bf[data-kb-block=\"kb-adv-heading_12ca38-bf\"]{font-size:45px;line-height:55px;font-weight:700;}#kt-adv-heading_12ca38-bf mark, #kt-adv-heading_12ca38-bf .wp-block-kadence-advancedheading mark, .kt-adv-heading_12ca38-bf[data-kb-block=\"kb-adv-heading_12ca38-bf\"] mark{font-size:20px;color:#718096;}<\/style>\n<h2 class=\"kt-adv-heading_12ca38-bf wp-block-kadence-advancedheading has-theme-palette-1-color has-text-color\" data-kb-block=\"kb-adv-heading_12ca38-bf\">900 z\u0142\/mc  <\/h2>\n\n\n<style id=\"kb-spacer_8199c8-55\">.wp-block-kadence-spacer.kt-block-spacer-_8199c8-55 .kt-block-spacer{height:30px;}.wp-block-kadence-spacer.kt-block-spacer-_8199c8-55 .kt-divider{border-top-color:var(--global-palette7, #EDF2F7);width:100%;}<\/style>\n<div class=\"wp-block-kadence-spacer aligncenter kt-block-spacer-_8199c8-55\"><div class=\"kt-block-spacer kt-block-spacer-halign-center\"><hr class=\"kt-divider\"\/><\/div><\/div>\n\n\n<style id=\"kb-advancedheading_5bcd1f-4e\">#kt-adv-heading_5bcd1f-4e, #kt-adv-heading_5bcd1f-4e .wp-block-kadence-advancedheading, .wp-block-kadence-advancedheading.kt-adv-heading_5bcd1f-4e[data-kb-block=\"kb-adv-heading_5bcd1f-4e\"], .kadence-advanced-heading-wrapper .kt-adv-heading_5bcd1f-4e[data-kb-block=\"kb-adv-heading_5bcd1f-4e\"]{font-size:16px;line-height:1.8em;margin-top:0px;margin-bottom:20px;}<\/style>\n<p class=\"kt-adv-heading_5bcd1f-4e wp-block-kadence-advancedheading has-theme-palette-3-color has-text-color\" data-kb-block=\"kb-adv-heading_5bcd1f-4e\"><strong>10 godzin<\/strong> <br>do wykorzystania przez 30 dni<\/p>\n<\/div><\/div>\n\n\n<style id=\"kb-column_769b1b-04\">.kadence-column_769b1b-04 > .kt-inside-inner-col{padding-top:60px;padding-bottom:30px;padding-left:30px;padding-right:30px;border-color:var(--global-palette2, #2B6CB0);border-top-width:1px;border-right-width:1px;border-bottom-width:1px;border-left-width:0px;border-top-left-radius:0px;border-top-right-radius:12px;border-bottom-right-radius:12px;border-bottom-left-radius:0px;}.wp-block-kadence-column.kadence-column_769b1b-04 > .kt-inside-inner-col{margin-top:20px;margin-bottom:0px;margin-right:0px;margin-left:0px;}.kadence-column_769b1b-04 > .kt-inside-inner-col{background-color:var(--global-palette9, #ffffff);}@media all and (max-width: 1024px){.kadence-column_769b1b-04 > .kt-inside-inner-col{padding-top:35px;padding-bottom:35px;padding-left:70px;padding-right:70px;border-top-width:1px;border-right-width:1px;border-bottom-width:1px;border-left-width:1px;}.wp-block-kadence-column.kadence-column_769b1b-04 > .kt-inside-inner-col{margin-top:0px;margin-bottom:35px;margin-right:70px;margin-left:70px;}}@media all and (max-width: 767px){.kadence-column_769b1b-04 > .kt-inside-inner-col{padding-top:20px;padding-bottom:20px;padding-left:20px;padding-right:20px;}.wp-block-kadence-column.kadence-column_769b1b-04 > .kt-inside-inner-col{margin-top:30px;margin-bottom:0px;margin-right:0px;margin-left:0px;}}<\/style>\n<div class=\"wp-block-kadence-column inner-column-3 kadence-column_769b1b-04\"><div class=\"kt-inside-inner-col\"><style id=\"kb-advancedheading_9693b7-17\">#kt-adv-heading_9693b7-17, #kt-adv-heading_9693b7-17 .wp-block-kadence-advancedheading, .wp-block-kadence-advancedheading.kt-adv-heading_9693b7-17[data-kb-block=\"kb-adv-heading_9693b7-17\"], .kadence-advanced-heading-wrapper .kt-adv-heading_9693b7-17[data-kb-block=\"kb-adv-heading_9693b7-17\"]{line-height:26px;font-weight:500;font-family:Rubik;margin-bottom:31px;}<\/style>\n<h4 class=\"kt-adv-heading_9693b7-17 wp-block-kadence-advancedheading\" data-kb-block=\"kb-adv-heading_9693b7-17\">KOMPLEKSOWE DZIA\u0141ANIA<\/h4>\n\n\n<style id=\"kb-advancedheading_3bcf0b-d1\">#kt-adv-heading_3bcf0b-d1, #kt-adv-heading_3bcf0b-d1 .wp-block-kadence-advancedheading, .wp-block-kadence-advancedheading.kt-adv-heading_3bcf0b-d1[data-kb-block=\"kb-adv-heading_3bcf0b-d1\"], .kadence-advanced-heading-wrapper .kt-adv-heading_3bcf0b-d1[data-kb-block=\"kb-adv-heading_3bcf0b-d1\"]{font-size:45px;line-height:55px;font-weight:700;}#kt-adv-heading_3bcf0b-d1 mark, #kt-adv-heading_3bcf0b-d1 .wp-block-kadence-advancedheading mark, .kt-adv-heading_3bcf0b-d1[data-kb-block=\"kb-adv-heading_3bcf0b-d1\"] mark{font-size:20px;color:#718096;padding:0px 0px 0px 0px;}<\/style>\n<h2 class=\"kt-adv-heading_3bcf0b-d1 wp-block-kadence-advancedheading has-theme-palette-1-color has-text-color\" data-kb-block=\"kb-adv-heading_3bcf0b-d1\">1700 z\u0142\/mc<mark class=\"kt-highlight\">  <\/mark><\/h2>\n\n\n<style id=\"kb-spacer_ee9bc6-3b\">.wp-block-kadence-spacer.kt-block-spacer-_ee9bc6-3b .kt-block-spacer{height:30px;}.wp-block-kadence-spacer.kt-block-spacer-_ee9bc6-3b .kt-divider{border-top-color:var(--global-palette7, #EDF2F7);width:100%;}<\/style>\n<div class=\"wp-block-kadence-spacer aligncenter kt-block-spacer-_ee9bc6-3b\"><div class=\"kt-block-spacer kt-block-spacer-halign-center\"><hr class=\"kt-divider\"\/><\/div><\/div>\n\n\n<style id=\"kb-advancedheading_9c3dee-cc\">#kt-adv-heading_9c3dee-cc, #kt-adv-heading_9c3dee-cc .wp-block-kadence-advancedheading, .wp-block-kadence-advancedheading.kt-adv-heading_9c3dee-cc[data-kb-block=\"kb-adv-heading_9c3dee-cc\"], .kadence-advanced-heading-wrapper .kt-adv-heading_9c3dee-cc[data-kb-block=\"kb-adv-heading_9c3dee-cc\"]{font-size:16px;line-height:1.8em;margin-top:0px;margin-bottom:20px;}<\/style>\n<p class=\"kt-adv-heading_9c3dee-cc wp-block-kadence-advancedheading has-theme-palette-3-color has-text-color\" data-kb-block=\"kb-adv-heading_9c3dee-cc\"><strong>20 godzin<\/strong><br>do wykorzystania przez 30 dni<\/p>\n<\/div><\/div>\n<\/div><\/div><\/div>\n\n\n<style id=\"kb-rowlayout_72648e-78\">#kt-layout-id_72648e-78 > .kt-row-column-wrap{padding-bottom:50px;padding-left:30px;padding-right:30px;}<\/style>\n<div class=\"wp-block-kadence-rowlayout alignnone\"><div id=\"kt-layout-id_72648e-78\" class=\"kt-row-layout-inner kt-layout-id_72648e-78\"><div class=\"kt-row-column-wrap kt-has-1-columns kt-gutter-default kt-v-gutter-default kt-row-valign-top kt-row-layout-equal kt-tab-layout-inherit kt-m-colapse-left-to-right kt-mobile-layout-row\">\n<div class=\"wp-block-kadence-column inner-column-1 kadence-column_20df1e-58\"><div class=\"kt-inside-inner-col\"><style id=\"kb-rowlayout_d06a42-55\">@media all and (min-width: 768px){#kt-layout-id_d06a42-55 > .kt-row-column-wrap > .inner-column-1{flex:0 1 10%;-webkit-flex:0 1 10%;}#kt-layout-id_d06a42-55 > .kt-row-column-wrap > .inner-column-2{flex:0 1 80%;-webkit-flex:0 1 80%;}#kt-layout-id_d06a42-55 > .kt-row-column-wrap > .inner-column-3{flex:0 1 10%;-webkit-flex:0 1 10%;}}<\/style>\n<div class=\"wp-block-kadence-rowlayout alignnone\"><div id=\"kt-layout-id_d06a42-55\" class=\"kt-row-layout-inner kt-layout-id_d06a42-55\"><div class=\"kt-row-column-wrap kt-has-3-columns kt-gutter-default kt-v-gutter-default kt-row-valign-top kt-row-layout-center-exwide kt-tab-layout-inherit kt-m-colapse-left-to-right kt-mobile-layout-row  kt-custom-first-width-10  kt-custom-second-width-80  kt-custom-third-width-10\">\n<div class=\"wp-block-kadence-column inner-column-1 kadence-column_1f1cba-ed\"><div class=\"kt-inside-inner-col\"><\/div><\/div>\n\n\n\n<div class=\"wp-block-kadence-column inner-column-2 kadence-column_a01010-b9\"><div class=\"kt-inside-inner-col\"><style id=\"kb-advancedheading_bcc285-6b\">#kt-adv-heading_bcc285-6b, #kt-adv-heading_bcc285-6b .wp-block-kadence-advancedheading, .wp-block-kadence-advancedheading.kt-adv-heading_bcc285-6b[data-kb-block=\"kb-adv-heading_bcc285-6b\"], .kadence-advanced-heading-wrapper .kt-adv-heading_bcc285-6b[data-kb-block=\"kb-adv-heading_bcc285-6b\"]{text-align:center;}<\/style>\n<p class=\"kt-adv-heading_bcc285-6b wp-block-kadence-advancedheading\" data-kb-block=\"kb-adv-heading_bcc285-6b\">JE\u015aLI PRZEKROCZYSZ ILO\u015a\u0106 GODZIN Z PAKIETU, DOLICZ\u0118 JE DO KOLEJNEJ FAKTURY \ud83d\ude42<\/p>\n<\/div><\/div>\n\n\n\n<div class=\"wp-block-kadence-column inner-column-3 kadence-column_4849e4-82\"><div class=\"kt-inside-inner-col\"><\/div><\/div>\n<\/div><\/div><\/div>\n<\/div><\/div>\n<\/div><\/div><\/div>\n","protected":false},"excerpt":{"rendered":"<p>cennik Je\u015bli potrzebujesz wsparcia project managerki, najpewniej b\u0119dziemy wsp\u00f3\u0142pracowa\u0107 okre\u015blaj\u0105c sta\u0142\u0105 stawk\u0119 miesi\u0119czn\u0105. Je\u015bli jednak potrzebujesz wsparcia wirtualnej asystentki, b\u0119dziesz mog\u0142a wybra\u0107 pakiet godzinowy, kt\u00f3ry Ci odpowiada. Po ustaleniu sposobu rozliczenia, wystawiam faktur\u0119 VAT. Je\u015bli ci\u0105gle si\u0119 wahasz czy z\u0142apiemy wsp\u00f3lny j\u0119zyk lub nie wiesz, co dok\u0142adnie chcesz zleci\u0107, ZR\u00d3BMY TEST. Proponuj\u0119 Ci wyb\u00f3r najmniejszego&#8230;<\/p>\n","protected":false},"author":1,"featured_media":0,"parent":0,"menu_order":0,"comment_status":"closed","ping_status":"closed","template":"","meta":{"_kad_blocks_custom_css":"","_kad_blocks_head_custom_js":"","_kad_blocks_body_custom_js":"","_kad_blocks_footer_custom_js":"","_kad_post_transparent":"","_kad_post_title":"hide","_kad_post_layout":"fullwidth","_kad_post_sidebar_id":"","_kad_post_content_style":"unboxed","_kad_post_vertical_padding":"","_kad_post_feature":"","_kad_post_feature_position":"","_kad_post_header":false,"_kad_post_footer":false},"featured_image_src_large":false,"author_info":{"display_name":"admin","author_link":"https:\/\/new.wyklikamto.pl\/index.php\/author\/admin\/"},"comment_info":0,"taxonomy_info":[],"_links":{"self":[{"href":"https:\/\/new.wyklikamto.pl\/index.php\/wp-json\/wp\/v2\/pages\/1537"}],"collection":[{"href":"https:\/\/new.wyklikamto.pl\/index.php\/wp-json\/wp\/v2\/pages"}],"about":[{"href":"https:\/\/new.wyklikamto.pl\/index.php\/wp-json\/wp\/v2\/types\/page"}],"author":[{"embeddable":true,"href":"https:\/\/new.wyklikamto.pl\/index.php\/wp-json\/wp\/v2\/users\/1"}],"replies":[{"embeddable":true,"href":"https:\/\/new.wyklikamto.pl\/index.php\/wp-json\/wp\/v2\/comments?post=1537"}],"version-history":[{"count":27,"href":"https:\/\/new.wyklikamto.pl\/index.php\/wp-json\/wp\/v2\/pages\/1537\/revisions"}],"predecessor-version":[{"id":1662,"href":"https:\/\/new.wyklikamto.pl\/index.php\/wp-json\/wp\/v2\/pages\/1537\/revisions\/1662"}],"wp:attachment":[{"href":"https:\/\/new.wyklikamto.pl\/index.php\/wp-json\/wp\/v2\/media?parent=1537"}],"curies":[{"name":"wp","href":"https:\/\/api.w.org\/{rel}","templated":true}]}}