{"id":3,"date":"2022-07-08T08:50:37","date_gmt":"2022-07-08T08:50:37","guid":{"rendered":"https:\/\/new.wyklikamto.pl\/?page_id=3"},"modified":"2022-08-09T18:44:56","modified_gmt":"2022-08-09T18:44:56","slug":"polityka-prywatnosci","status":"publish","type":"page","link":"https:\/\/new.wyklikamto.pl\/index.php\/polityka-prywatnosci\/","title":{"rendered":"Polityka prywatno\u015bci"},"content":{"rendered":"\n<p><strong>Informacje og\u00f3lne<\/strong><\/p>\n\n\n\n<p>Niniejsza Polityka prywatno\u015bci i plik\u00f3w cookies strony, zwana dalej Stron\u0105 internetow\u0105, okre\u015bla zasady przetwarzania i ochrony danych osobowych oraz wykorzystania plik\u00f3w cookies oraz innych technologii takich jak: Google Analitycs, Facebook Pixel w zwi\u0105zku z korzystaniem przez U\u017cytkownik\u00f3w ze Strony internetowej oraz fanpage, a tak\u017ce z korzystaniem przez nich z us\u0142ug oferowanych na Stronie internetowej.<\/p>\n\n\n\n<p><strong>\u00a71 Definicje<\/strong><\/p>\n\n\n\n<p>&nbsp; &nbsp; &nbsp; Na potrzeby niniejszej polityki prywatno\u015bci przyjmuje si\u0119 nast\u0119puj\u0105ce znaczenie poni\u017cszych poj\u0119\u0107:<\/p>\n\n\n\n<ol><li><strong>Administrator<\/strong>&nbsp;\u2013 RAZYDWA Monika Trocha NIP 5472095016<\/li><li><strong>Strona internetowa<\/strong>&nbsp;\u2013 serwis dost\u0119pny pod adresem&nbsp;<a href=\"http:\/\/www.wyklikamto.pl\/\">wyklikamto.pl<\/a>&nbsp;oraz fanpage pod adresem: https:\/\/www.facebook.com\/Wyklikamto-110155748012829.<\/li><li><strong>U\u017cytkownik<\/strong>&nbsp;\u2013 ka\u017cdy podmiot, kt\u00f3ry przegl\u0105da zawarto\u015b\u0107 Strony internetowej.<\/li><li><strong>RODO<\/strong>&nbsp;\u2013 Rozporz\u0105dzenie Parlamentu Europejskiego i Rady (UE) 2016\/679 z dnia 27 kwietnia 2016 r. w sprawie ochrony os\u00f3b fizycznych w zwi\u0105zku z przetwarzaniem danych osobowych i w sprawie swobodnego przep\u0142ywu takich danych oraz uchylenia dyrektywy 95\/46\/WE.<\/li><\/ol>\n\n\n\n<p><strong>\u00a72&nbsp;<\/strong><strong>Dane osobowe<\/strong><\/p>\n\n\n\n<ol><li>Administratorem danych osobowych U\u017cytkownika w rozumieniu RODO jest Administrator.<\/li><li>U\u017cytkownik mo\u017ce przekazywa\u0107 swoje dane osobowe Administratorowi za pomoc\u0105 formularzy dost\u0119pnych na Stronie internetowej, a tak\u017ce takich rozwi\u0105za\u0144, jak Messenger, fanpage, itd.<\/li><li>Podstaw\u0105 prawn\u0105 przetwarzania danych osobowych U\u017cytkownik\u00f3w jest dobrowolna, konkretna, \u015bwiadoma i jednoznaczna zgoda U\u017cytkownika wyra\u017cona za pomoc\u0105 odpowiedniego formularza na Stronie internetowej.<\/li><li>Dane osobowe mog\u0105 by\u0107 przetwarzane tak\u017ce w przypadkach, w kt\u00f3rych Administrator jest upowa\u017cniony do przetwarzania danych osobowych na podstawie przepis\u00f3w prawa lub w celu realizacji zawartej pomi\u0119dzy stronami umowy, a tak\u017ce na podstawie prawnie uzasadnionego interesu realizowanego przez administratora. W szczeg\u00f3lno\u015bci:<ol><li>[<strong>FORMULARZ ZAPISU NA NEWSLETTER<\/strong>]<br>Dane osobowe przekazywane Administratorowi przez U\u017cytkownika w ramach formularza zapisu na newsletter przetwarzane s\u0105 w celu przesy\u0142ania U\u017cytkownikowi newslettera zawieraj\u0105cego tre\u015bci na temat nowych artyku\u0142\u00f3w na blogu, zarz\u0105dzania projektami, pracy w Asanie i organizacji pracy, a czasami r\u00f3wnie\u017c informacje o nowo\u015bciach i wybranych ofertach. Dane, kt\u00f3re b\u0119d\u0105 przetwarzane to imi\u0119 oraz adres e-mail. Podanie danych osobowych przez U\u017cytkownika jest dobrowolne, ale niezb\u0119dne, by U\u017cytkownik m\u00f3g\u0142 zapisa\u0107 si\u0119 i otrzymywa\u0107 newsletter. Przetwarzanie danych w tym celu odbywa si\u0119 tylko i&nbsp;wy\u0142\u0105cznie za zgod\u0105 U\u017cytkownika, kt\u00f3r\u0105 U\u017cytkownik mo\u017ce wyrazi\u0107 w formularzu zapisu na newsletter i mo\u017ce j\u0105 cofn\u0105\u0107 w dowolnym momencie, klikaj\u0105c w link wypisu, kt\u00f3ry znajduje si\u0119 w ka\u017cdej stopce wiadomo\u015bci (Art. 6 ust. 1 lit. a RODO). Dane te b\u0119d\u0105 przetwarzane do czasu zaprzestania wysy\u0142ki newslettera lub wcze\u015bniejszym wycofaniu zgody przez U\u017cytkownika.<\/li><li>[<strong>FORMULARZ KONTAKTOWY<\/strong>]<br>Dane osobowe przekazywane Administratorowi przez U\u017cytkownika w ramach formularza kontaktowego przetwarzane s\u0105 w celu udzielenia odpowiedzi na wys\u0142ane za pomoc\u0105 formularza zapytanie. Podanie danych osobowych przez U\u017cytkownika jest dobrowolne, ale niezb\u0119dne, by U\u017cytkownik otrzyma\u0142 odpowied\u017a. Przetwarzanie danych w tym celu odbywa si\u0119 na podstawie prawnie uzasadnionego interesu realizowanego przez administratora (Art.6 ust.1 lit.f RODO). Dane te b\u0119d\u0105 przetwarzane do czasu zako\u0144czenia korespondencji oraz 2 lat od jej zako\u0144czenia.<\/li><li>Dane osobowe przekazywane Administratorowi przez U\u017cytkownika w ramach formularza komentarzy przetwarzane s\u0105 w celu wy\u015bwietlenia komentarza U\u017cytkownika. Podanie danych osobowych przez U\u017cytkownika jest dobrowolne, ale niezb\u0119dne, by U\u017cytkownik m\u00f3g\u0142 umie\u015bci\u0107 komentarz. Przetwarzanie danych w tym celu odbywa si\u0119 na podstawie zgody u\u017cytkownika. Dane te b\u0119d\u0105 przetwarzane tak d\u0142ugo, jak d\u0142ugo b\u0119dzie istnia\u0142a Strona internetowa lub do czasu cofni\u0119cia zgody przez U\u017cytkownika.<\/li><\/ol><\/li><li>Administrator mo\u017ce powierzy\u0107 dane osobowe innym podmiotom, z pomoc\u0105 kt\u00f3rych realizuje wskazane w poprzednich punktach cele (np. firmom dostarczaj\u0105cym us\u0142ug\u0119 hostingu, firmie ksi\u0119gowej, firmom kurierskim, firmie dostarczaj\u0105cej aplikacj\u0119 do e-mailingu).<\/li><\/ol>\n\n\n\n<ol><li>Zenbox.pl Sp. z o.o., ul. D\u0105browskiego 7, 42-200 Cz\u0119stochowa, NIP: 89492191021, REGON: 242888558, KRS: 0000414281 \u2013 w celu przechowywania danych osobowych na serwerze.<\/li><li>UAB \u201eMailerLite\u201d, Pupio g. 28, LT- 11341 Vilnus.<\/li><\/ol>\n\n\n\n<ol start=\"6\"><li>Dane osobowe U\u017cytkownika nie b\u0119d\u0105 przekazywane do odbiorc\u00f3w z pa\u0144stw trzecich ani organizacji mi\u0119dzynarodowych, kt\u00f3re nie zapewniaj\u0105 odpowiedniego stopnia ochrony. Odpowiedni stopie\u0144 ochrony musi by\u0107 potwierdzony odpowiedni\u0105 decyzj\u0105 Komisji Europejskiej lub innym wi\u0105\u017c\u0105cym instrumentem prawnym.<\/li><li>Administrator gwarantuje poufno\u015b\u0107 wszelkich przekazanych mu danych osobowych.<\/li><li>Dane osobowe s\u0105 gromadzone z nale\u017cyt\u0105 staranno\u015bci\u0105 i odpowiednio chronione przed dost\u0119pem przez osoby do tego nieupowa\u017cnione, a ich przetwarzanie odbywa si\u0119 zgodnie oraz na warunkach okre\u015blonych szczeg\u00f3\u0142owo w:<ol><li>Rozporz\u0105dzeniu Parlamentu Europejskiego i&nbsp;Rady (UE) 2016\/679 z&nbsp;dnia 27 kwietnia 2016 r. w&nbsp;sprawie ochrony os\u00f3b fizycznych w&nbsp;zwi\u0105zku z&nbsp;przetwarzaniem danych osobowych i&nbsp;w sprawie swobodnego przep\u0142ywu takich danych oraz uchylenia dyrektywy 95\/46\/WE,<\/li><li>ustawie z dnia 18 lipca 2002 o \u015bwiadczenie us\u0142ug drog\u0105 elektroniczn\u0105,<\/li><li>ustawie z dnia 10 maja 2018 o ochronie danych osobowych.<\/li><\/ol><\/li><\/ol>\n\n\n\n<p><strong>\u00a73&nbsp;<\/strong><strong>Prawa u\u017cytkownika<\/strong><\/p>\n\n\n\n<ol><li>U\u017cytkownikowi przys\u0142uguj\u0105 prawa zwi\u0105zane z przetwarzaniem jego danych osobowych, w&nbsp;tym:<\/li><li>prawo dost\u0119pu do danych<\/li><li>prawo do poprawienia danych<\/li><li>prawo do ograniczenia przetwarzania danych<\/li><li>prawo do sprzeciwu wobec przetwarzania danych<\/li><li>prawo do usuni\u0119cia danych (tzw. prawo do bycia zapomnianym)<\/li><li>prawo do przenoszenia danych<\/li><li>prawo do wniesienia skargi do organu nadzorczego w zwi\u0105zku z przetwarzaniem danych osobowych przez Administratora<\/li><li>U\u017cytkownik ma prawo do cofni\u0119cia swojej zgody w ka\u017cdej chwili, je\u015bli U\u017cytkownik uprzednio wyrazi\u0142 tak\u0105 zgod\u0119.<\/li><li>W celu realizacji swoich praw U\u017cytkownik powinien skierowa\u0107 odpowiednie \u017c\u0105danie na adres: kontakt@wyklikamto.pl.<\/li><\/ol>\n\n\n\n<p><strong>\u00a74&nbsp;<\/strong><strong>Gromadzone informacje<\/strong><\/p>\n\n\n\n<ol><li>Podczas korzystania przez U\u017cytkownika ze Strony internetowej automatycznie zbierane s\u0105&nbsp;dane dotycz\u0105ce U\u017cytkownika. Do tych danych zalicza si\u0119 m.in.: adres IP, nazwa domeny, typ przegl\u0105darki, typ systemu operacyjnego. Dane te mog\u0105 by\u0107 zbierane przez pliki cookies (tzw.&nbsp;ciasteczka), a tak\u017ce mog\u0105 by\u0107 zapisywane w logach serwera.<\/li><li>Pliki cookies (tzw. ciasteczka) to pliki wysy\u0142ane do komputera lub innego urz\u0105dzenia (np.&nbsp;laptop, smartfon, tablet) U\u017cytkownika i tam zapisywane podczas przegl\u0105dania Strony internetowej. Pliki&nbsp;cookie zapami\u0119tuj\u0105 preferencje U\u017cytkownika, co umo\u017cliwia podnoszenie jako\u015bci \u015bwiadczonych us\u0142ug, poprawianie wynik\u00f3w wyszukiwania i trafno\u015bci wy\u015bwietlanych informacji oraz anonimowe \u015bledzenie preferencji U\u017cytkownika.<\/li><li>Zgod\u0119 na przechowywanie lub uzyskiwanie dost\u0119pu do cookies przez Administratora na jego urz\u0105dzeniu U\u017cytkownik wyra\u017ca za pomoc\u0105 ustawie\u0144 przegl\u0105darki zainstalowanej na urz\u0105dzeniu U\u017cytkownika.<\/li><li>U\u017cytkownik mo\u017ce zrezygnowa\u0107 z cookies, wybieraj\u0105c odpowiednie ustawienia w u\u017cywanej przez siebie przegl\u0105darce stron www. W takiej sytuacji korzystanie ze Strony internetowej przez U\u017cytkownika mo\u017ce by\u0107 utrudnione (np. strona mo\u017ce pracowa\u0107 wolniej).<\/li><li>U\u017cytkownik mo\u017ce usun\u0105\u0107 istniej\u0105ce pliki cookies z urz\u0105dzenia, korzystaj\u0105c z odpowiednich funkcji przegl\u0105darki internetowej, program\u00f3w s\u0142u\u017c\u0105cych w tym celu lub skorzystanie z&nbsp;odpowiednich narz\u0119dzi dost\u0119pnych w ramach systemu operacyjnego, z kt\u00f3rego korzysta U\u017cytkownik.<\/li><li>Dane zapisane w logach serwera lub za pomoc\u0105 cookies nie s\u0105 \u0142\u0105czone w \u017caden spos\u00f3b z&nbsp;konkretnymi U\u017cytkownikami Strony internetowej i nie s\u0105 wykorzystywane przez Administratora w celu identyfikacji U\u017cytkownika. Logi serwera s\u0142u\u017c\u0105 do administrowania Stron\u0105 internetow\u0105, a ich zawarto\u015b\u0107 nie jest ujawniania nikomu poza osobami upowa\u017cnionymi do administrowania serwerem.<\/li><li>Na Stronie internetowej s\u0105 stosowane technologie rejestruj\u0105ce&nbsp;<strong>anonimowo<\/strong>&nbsp;dzia\u0142ania podejmowane przez U\u017cytkownika podczas korzystania ze Strony internetowej. S\u0105 to m.in.:<ol><li>Google Analitysc \u2013 stosowana w celu analizowania statystyk Strony internetowej,<\/li><li>Facebook Pixel \u2013 stosowana w celu zarz\u0105dzania i optymalizacji reklamy na Facebooku.<\/li><\/ol><\/li><li>Dane uzyskane przez te narz\u0119dzia nie s\u0105 \u0142\u0105czone w \u017caden spos\u00f3b z konkretnymi U\u017cytkownikami Strony internetowej i nie s\u0105 wykorzystywane przez Administratora w celu identyfikacji U\u017cytkownika. Konsekwencj\u0105 zastosowania technologii wymienionych w \u00a7 3 pkt. 7 b\u0119dzie zoptymalizowanie Strony internetowej, jej tre\u015bci oraz oferty Produkt\u00f3w do potrzeb U\u017cytkownika.<\/li><\/ol>\n\n\n\n<p><strong>\u00a75&nbsp;<\/strong><strong>Cel wykorzystania danych<\/strong><\/p>\n\n\n\n<p>Dane podane przez U\u017cytkownika lub zbierane automatycznie Administrator wykorzystuje w celu:<\/p>\n\n\n\n<ol><li>prawid\u0142owego funkcjonowania, konfiguracji, bezpiecze\u0144stwa Strony internetowej,<\/li><li>monitorowania stanu sesji,<\/li><li>analiz, bada\u0144&nbsp;i audytu wy\u015bwietle\u0144 Strony internetowej,<\/li><li>a tak\u017ce w celach statystycznych i marketingowych.<\/li><\/ol>\n\n\n\n<p><strong>\u00a76&nbsp;<\/strong><strong>Postanowienia ko\u0144cowe<\/strong><\/p>\n\n\n\n<ol><li>W niniejszym dokumencie mog\u0105 nast\u0105pi\u0107 zmiany, na kt\u00f3re mo\u017ce wp\u0142yn\u0105\u0107 rozw\u00f3j technologii internetowej, zmiany prawa w zakresie ochrony danych osobowych oraz rozw\u00f3j naszej Strony internetowej. Wszelkie zmiany b\u0119d\u0105 komunikowane U\u017cytkownikom niezw\u0142ocznie w spos\u00f3b widoczny i zrozumia\u0142y.<\/li><li>Wszelkie pytania lub uwagi dotycz\u0105ce Polityki prywatno\u015bci i plik\u00f3w cookies prosimy kierowa\u0107 na adres: kontakt@wyklikamto.pl.<\/li><\/ol>\n","protected":false},"excerpt":{"rendered":"<p>Informacje og\u00f3lne Niniejsza Polityka prywatno\u015bci i plik\u00f3w cookies strony, zwana dalej Stron\u0105 internetow\u0105, okre\u015bla zasady przetwarzania i ochrony danych osobowych oraz wykorzystania plik\u00f3w cookies oraz innych technologii takich jak: Google Analitycs, Facebook Pixel w zwi\u0105zku z korzystaniem przez U\u017cytkownik\u00f3w ze Strony internetowej oraz fanpage, a tak\u017ce z korzystaniem przez nich z us\u0142ug oferowanych na Stronie&#8230;<\/p>\n","protected":false},"author":1,"featured_media":0,"parent":0,"menu_order":0,"comment_status":"closed","ping_status":"closed","template":"","meta":{"_kad_blocks_custom_css":"","_kad_blocks_head_custom_js":"","_kad_blocks_body_custom_js":"","_kad_blocks_footer_custom_js":"","_kad_post_transparent":"","_kad_post_title":"","_kad_post_layout":"normal","_kad_post_sidebar_id":"","_kad_post_content_style":"unboxed","_kad_post_vertical_padding":"show","_kad_post_feature":"","_kad_post_feature_position":"","_kad_post_header":false,"_kad_post_footer":false},"featured_image_src_large":false,"author_info":{"display_name":"admin","author_link":"https:\/\/new.wyklikamto.pl\/index.php\/author\/admin\/"},"comment_info":0,"taxonomy_info":[],"_links":{"self":[{"href":"https:\/\/new.wyklikamto.pl\/index.php\/wp-json\/wp\/v2\/pages\/3"}],"collection":[{"href":"https:\/\/new.wyklikamto.pl\/index.php\/wp-json\/wp\/v2\/pages"}],"about":[{"href":"https:\/\/new.wyklikamto.pl\/index.php\/wp-json\/wp\/v2\/types\/page"}],"author":[{"embeddable":true,"href":"https:\/\/new.wyklikamto.pl\/index.php\/wp-json\/wp\/v2\/users\/1"}],"replies":[{"embeddable":true,"href":"https:\/\/new.wyklikamto.pl\/index.php\/wp-json\/wp\/v2\/comments?post=3"}],"version-history":[{"count":4,"href":"https:\/\/new.wyklikamto.pl\/index.php\/wp-json\/wp\/v2\/pages\/3\/revisions"}],"predecessor-version":[{"id":1295,"href":"https:\/\/new.wyklikamto.pl\/index.php\/wp-json\/wp\/v2\/pages\/3\/revisions\/1295"}],"wp:attachment":[{"href":"https:\/\/new.wyklikamto.pl\/index.php\/wp-json\/wp\/v2\/media?parent=3"}],"curies":[{"name":"wp","href":"https:\/\/api.w.org\/{rel}","templated":true}]}}