{"id":771,"date":"2022-07-18T08:43:46","date_gmt":"2022-07-18T08:43:46","guid":{"rendered":"https:\/\/new.wyklikamto.pl\/?post_type=product&#038;p=771"},"modified":"2024-08-09T13:26:33","modified_gmt":"2024-08-09T13:26:33","slug":"konsultacje","status":"publish","type":"product","link":"https:\/\/new.wyklikamto.pl\/index.php\/produkt\/konsultacje\/","title":{"rendered":"Konsultacje indywidualne"},"content":{"rendered":"<p><strong>Dlaczego warto skorzysta\u0107?<\/strong><\/p>\n<p>Konsultacje ze mn\u0105 to taka <strong>skondensowana dawka wiedzy<\/strong>. Wykorzystuj\u0119 ca\u0142e swoje do\u015bwiadczenie, \u017ceby pom\u00f3c rozwi\u0105za\u0107 Tw\u00f3j problem\/ doradzi\u0107\/ pokaza\u0107 alternatyw\u0119.<\/p>\n<p>Do\u015b\u0107 teoretyzowania! Stawiam na to, \u017ceby konsultacje by\u0142y <strong>praktyczne<\/strong>. Je\u015bli przychodzisz w temacie Asany, <strong>dzia\u0142amy na otwartym narz\u0119dziu<\/strong>. To znaczy, Ty dzia\u0142asz. \ud83d\ude09 Ja t\u0142umacz\u0119 co, gdzie i jak. Dzi\u0119ki temu szybko zapami\u0119tasz, a jeszcze szybciej wdro\u017cysz.<\/p>\n<p>Przed konsultacjami przesy\u0142am Ci ankiet\u0119 wst\u0119pn\u0105. Dzi\u0119ki niej nie tracimy czasu na przyd\u0142ugie wst\u0119py, a dodatkowo mog\u0119 si\u0119 jeszcze lepiej przygotowa\u0107 do naszego spotkania.<\/p>\n<p>&nbsp;<\/p>\n","protected":false},"excerpt":{"rendered":"<p>Tak jest taka opcja! \ud83d\ude09 Je\u015bli potrzebujesz pomocy w jednym z ni\u017cej wymienionych zakres\u00f3w, s\u0142u\u017c\u0119 rad\u0105:<\/p>\n<ul>\n<li>praca w Asanie (jak zacz\u0105\u0107, jak wdro\u017cy\u0107, jak dzia\u0142a\u0107, jak pracowa\u0107 w zespole + wszelkie aspekty techniczne)<\/li>\n<li>zarz\u0105dzanie projektami &#8211; czyli dobre rady project menagerki<\/li>\n<li>wsparcie biznesu online<\/li>\n<\/ul>\n<p><strong>KONSULTACJA TRWA 60 MIN.<\/strong><\/p>\n<p>WA\u017bNE! Konsultacje odbywaj\u0105 si\u0119 we wtorki i \u015brody. Po op\u0142aceniu zam\u00f3wienia napisz do mnie, a ustalimy dogodny dla Ciebie termin. Szczeg\u00f3\u0142y odno\u015bnie kontaktu otrzymasz w pliku PDF po zaksi\u0119gowaniu p\u0142atno\u015bci.<\/p>\n","protected":false},"featured_media":1266,"comment_status":"open","ping_status":"closed","template":"","meta":{"_kad_blocks_custom_css":"","_kad_blocks_head_custom_js":"","_kad_blocks_body_custom_js":"","_kad_blocks_footer_custom_js":"","_kad_post_transparent":"default","_kad_post_title":"","_kad_post_layout":"default","_kad_post_sidebar_id":"","_kad_post_content_style":"default","_kad_post_vertical_padding":"default","_kad_post_feature":"","_kad_post_feature_position":"","_kad_post_header":false,"_kad_post_footer":false},"product_cat":[35],"product_tag":[37,38],"featured_image_src_large":["https:\/\/new.wyklikamto.pl\/wp-content\/uploads\/2022\/07\/konsultacje-indywidualne-wyklikamto.png",800,800,false],"author_info":[],"comment_info":1,"taxonomy_info":{"product_cat":[{"value":35,"label":"Konsultacje online"}],"product_tag":[{"value":37,"label":"konsultacje"},{"value":38,"label":"konsultacje online"}]},"_links":{"self":[{"href":"https:\/\/new.wyklikamto.pl\/index.php\/wp-json\/wp\/v2\/product\/771"}],"collection":[{"href":"https:\/\/new.wyklikamto.pl\/index.php\/wp-json\/wp\/v2\/product"}],"about":[{"href":"https:\/\/new.wyklikamto.pl\/index.php\/wp-json\/wp\/v2\/types\/product"}],"replies":[{"embeddable":true,"href":"https:\/\/new.wyklikamto.pl\/index.php\/wp-json\/wp\/v2\/comments?post=771"}],"wp:featuredmedia":[{"embeddable":true,"href":"https:\/\/new.wyklikamto.pl\/index.php\/wp-json\/wp\/v2\/media\/1266"}],"wp:attachment":[{"href":"https:\/\/new.wyklikamto.pl\/index.php\/wp-json\/wp\/v2\/media?parent=771"}],"wp:term":[{"taxonomy":"product_cat","embeddable":true,"href":"https:\/\/new.wyklikamto.pl\/index.php\/wp-json\/wp\/v2\/product_cat?post=771"},{"taxonomy":"product_tag","embeddable":true,"href":"https:\/\/new.wyklikamto.pl\/index.php\/wp-json\/wp\/v2\/product_tag?post=771"}],"curies":[{"name":"wp","href":"https:\/\/api.w.org\/{rel}","templated":true}]}}